{"id":1410,"date":"2022-03-21T07:19:15","date_gmt":"2022-03-21T06:19:15","guid":{"rendered":"https:\/\/brunocontini.com\/?page_id=1410"},"modified":"2022-06-08T19:37:38","modified_gmt":"2022-06-08T17:37:38","slug":"home","status":"publish","type":"page","link":"https:\/\/brunocontini.com\/en\/","title":{"rendered":"Home"},"content":{"rendered":"<blockquote>\n<p><span>Il colore \u00e8 la tastiera,<br \/>gli occhi sono il martelletto, <br \/>l\u2019anima \u00e8 un pianoforte con molte corde.<\/span><\/p>\n<footer>\n<p>                <cite>Vasilij Vasil&#8217;evi\u010d Kandinskij <\/cite><\/p>\n<\/footer>\n<\/blockquote>\n<h3>That&#8217;s My World<\/h3>\n<div>\n<p>da &#8220;Sensations&#8221;, 2021<\/p>\n<\/div>\n<p><video src=\"\/wp-content\/uploads\/2022\/06\/11_Thats-my-world_01.mp3\" poster=\"\"><\/video><\/p>\n<ul>\n<li>\n<p>        <img decoding=\"async\" src=\"\/wp-content\/uploads\/2022\/05\/spotify.png\" alt=\"spotify\"><\/p>\n<p><a href=\"https:\/\/open.spotify.com\/artist\/4OR9n4m3UVaP6qgmyUcVKo\"><\/a><\/p>\n<\/li>\n<li>\n<p>        <img decoding=\"async\" src=\"\/wp-content\/uploads\/2022\/05\/qobuz.png\" alt=\"Qobuz\"><\/p>\n<p><a href=\"https:\/\/open.qobuz.com\/album\/foydxw4cvoc2a\"><\/a><\/p>\n<\/li>\n<li>\n<p>        <img decoding=\"async\" src=\"\/wp-content\/uploads\/2022\/05\/apple-music.png\" alt=\"Apple Music\"><\/p>\n<p><a href=\"https:\/\/music.apple.com\/it\/album\/sensations\/1600998806\"><\/a><\/p>\n<\/li>\n<li>\n<p>        <img decoding=\"async\" src=\"\/wp-content\/uploads\/2022\/05\/amazon2.png\" alt=\"\"><\/p>\n<p><a href=\"https:\/\/music.amazon.it\/albums\/B09NSBGXFG\"><\/a><\/p>\n<\/li>\n<li>\n<p>        <img decoding=\"async\" src=\"\/wp-content\/uploads\/2022\/05\/youtubemusic.png\" alt=\"Youtube music\"><\/p>\n<p><a href=\"https:\/\/www.youtube.com\/watch?v=spNf8xogZS0&#038;list=OLAK5uy_n6k1dr1-2MeOEPtffmQKjkLwqkPkezem8\"><\/a><\/p>\n<\/li>\n<\/ul>\n<blockquote>\n<p><span>Il colore \u00e8 la tastiera,<br \/>gli occhi sono il martelletto, <br \/>l\u2019anima \u00e8 un pianoforte con molte corde.<\/span><\/p>\n<footer>\n<p>                <cite>Vasilij Vasil&#8217;evi\u010d Kandinskij <\/cite><\/p>\n<\/footer>\n<\/blockquote>\n<h3>That&#8217;s My World<\/h3>\n<div>\n<p>da &#8220;Sensations&#8221;, 2021<\/p>\n<\/div>\n<p><video src=\"\/wp-content\/uploads\/2022\/06\/11_Thats-my-world_01.mp3\" poster=\"\"><\/video><\/p>\n<ul>\n<li>\n<h3>Bruno Contini Seduce Mosca<\/h3>\n<p>Il Resto del Carlino<\/p>\n<div>Il risultato di questa grande produzione \u00e8 stato premiato con il migliore dei troferi, ovvero gli applausi, le ovazioni e l&#8217;entusiasmo degli spettatori e della critica.<\/div>\n<\/li>\n<li>\n<h3>Contini a Mosca per prima mondiale di Anastasia<\/h3>\n<p>Adnkronos<\/p>\n<div>Entusiasmante il corpo di ballo &#8220;Russian Season&#8221;, con impostazione classico-moderna, del coreografo e regista Nicolay Androsov.<\/div>\n<\/li>\n<li>\n<h3>Prima mondiale a Mosca di Anastasia di Bruno Contini<\/h3>\n<p>Ansa<\/p>\n<div>Anastasia \u00e8 andata in scena con successo al teatro Novaia Opera.<\/div>\n<\/li>\n<li>\n<h3>Ferrara, sul Castello Estense proiettate immagini ispirate dal Museo Schifanoia<\/h3>\n<p>Cult Agenzia di Stampa<\/p>\n<div>Un solfeggio di tecnologia e arte visuale che parla di mitologia astrale, di stelle erranti, di dipinti ispirati agli affreschi del ciclo dei mesi di Palazzo Schifanoia<\/div>\n<\/li>\n<\/ul>\n<h3>Progetti<\/h3>\n<p><!--more--><br \/>\n<!-- {\"name\":\"sensations demo1\",\"type\":\"layout\",\"children\":[{\"type\":\"section\",\"props\":{\"style\":\"secondary\",\"width\":\"expand\",\"vertical_align\":\"bottom\",\"title_position\":\"top-left\",\"title_rotation\":\"left\",\"title_breakpoint\":\"xl\",\"image_position\":\"bottom-center\",\"image\":\"wp-content\\\/uploads\\\/2022\\\/05\\\/bruno-contini-home2.jpg\",\"padding\":\"xlarge\",\"height\":\"full\",\"image_size\":\"cover\",\"padding_remove_bottom\":true,\"header_transparent\":\"dark\",\"yooessentials_access_conditions\":[],\"yooessentials_access_mode\":\"AND\",\"class\":\"uk-visible@m\"},\"children\":[{\"type\":\"row\",\"props\":{\"layout\":\"1-2,1-2\",\"width\":\"default\"},\"children\":[{\"type\":\"column\",\"props\":{\"position_sticky_breakpoint\":\"m\",\"image_position\":\"center-center\",\"media_overlay_gradient\":\"\",\"width_medium\":\"1-2\",\"vertical_align\":\"middle\",\"text_color\":\"dark\",\"position_sticky\":false},\"children\":[{\"type\":\"quotation\",\"props\":{\"content\":\"\n\n<p><span>Il colore \\u00e8 la tastiera,<br \\\/>gli occhi sono il martelletto, <br \\\/>l\\u2019anima \\u00e8 un pianoforte con molte corde.<\\\/span><\\\/p>\",\"author\":\"Vasilij Vasil'evi\\u010d Kandinskij \"}}]},{\"type\":\"column\",\"props\":{\"position_sticky_breakpoint\":\"m\",\"image_position\":\"center-center\",\"media_overlay_gradient\":\"\",\"width_medium\":\"1-2\"},\"children\":[]}]},{\"type\":\"row\",\"props\":{\"margin\":\"xlarge\"},\"children\":[{\"type\":\"column\",\"props\":{\"position_sticky_breakpoint\":\"m\",\"image_position\":\"center-center\",\"media_overlay_gradient\":\"\"},\"children\":[]}]},{\"type\":\"row\",\"props\":{\"margin\":\"xlarge\"},\"children\":[{\"type\":\"column\",\"props\":{\"position_sticky_breakpoint\":\"m\",\"image_position\":\"center-center\",\"media_overlay_gradient\":\"\"},\"children\":[]}]},{\"type\":\"row\",\"props\":{\"margin\":\"xlarge\"},\"children\":[{\"type\":\"column\",\"props\":{\"position_sticky_breakpoint\":\"m\",\"image_position\":\"center-center\",\"media_overlay_gradient\":\"\"},\"children\":[]}]},{\"type\":\"row\",\"props\":{\"layout\":\"1-3,1-3,1-3\"},\"children\":[{\"type\":\"column\",\"props\":{\"position_sticky_breakpoint\":\"m\",\"image_position\":\"center-center\",\"media_overlay_gradient\":\"\",\"width_medium\":\"1-3\",\"vertical_align\":\"middle\"},\"children\":[]},{\"type\":\"column\",\"props\":{\"position_sticky_breakpoint\":\"m\",\"image_position\":\"center-center\",\"media_overlay_gradient\":\"\",\"width_medium\":\"1-3\",\"vertical_align\":\"middle\"},\"children\":[{\"type\":\"headline\",\"props\":{\"title_element\":\"h3\",\"content\":\"That's My World\",\"text_align\":\"right\",\"margin_remove_bottom\":true}},{\"type\":\"text\",\"props\":{\"margin\":\"default\",\"column_breakpoint\":\"m\",\"content\":\"\n\n<p>da \\\"Sensations\\\", 2021<\\\/p>\",\"text_align\":\"right\",\"margin_remove_top\":true}}]},{\"type\":\"column\",\"props\":{\"position_sticky_breakpoint\":\"m\",\"image_position\":\"center-center\",\"media_overlay_gradient\":\"\",\"width_medium\":\"1-3\",\"vertical_align\":\"middle\"},\"children\":[{\"type\":\"video\",\"props\":{\"video_controls\":true,\"margin\":\"default\",\"video\":\"wp-content\\\/uploads\\\/2022\\\/06\\\/11_Thats-my-world_01.mp3\",\"css\":\"video {\\n    height:60px;\\n    width:300px;\\n}\"}}]}]},{\"type\":\"row\",\"children\":[{\"type\":\"column\",\"props\":{\"position_sticky_breakpoint\":\"m\",\"image_position\":\"center-center\",\"media_overlay_gradient\":\"\",\"width_medium\":\"\",\"vertical_align\":\"bottom\"},\"children\":[{\"type\":\"grid\",\"props\":{\"show_title\":true,\"show_meta\":true,\"show_content\":true,\"show_image\":true,\"show_link\":true,\"grid_default\":\"1\",\"grid_medium\":\"6\",\"filter_style\":\"tab\",\"filter_all\":true,\"filter_position\":\"top\",\"filter_align\":\"left\",\"filter_grid_width\":\"auto\",\"filter_grid_breakpoint\":\"m\",\"title_hover_style\":\"reset\",\"title_element\":\"h3\",\"title_align\":\"top\",\"title_grid_width\":\"1-2\",\"title_grid_breakpoint\":\"m\",\"meta_style\":\"meta\",\"meta_align\":\"below-title\",\"meta_element\":\"div\",\"content_column_breakpoint\":\"m\",\"icon_width\":\"20\",\"image_align\":\"top\",\"image_grid_width\":\"1-2\",\"image_grid_breakpoint\":\"m\",\"image_svg_color\":\"emphasis\",\"link_text\":\"\",\"link_style\":\"default\",\"margin\":\"default\",\"item_animation\":true,\"image_link\":true,\"text_align\":\"center\",\"grid_row_align\":false,\"grid_column_align\":true,\"image_width\":\"100\",\"grid_divider\":true,\"link_target\":true},\"children\":[{\"type\":\"grid_item\",\"props\":{\"image\":\"wp-content\\\/uploads\\\/2022\\\/05\\\/spotify.png\",\"image_alt\":\"spotify\",\"link\":\"https:\\\/\\\/open.spotify.com\\\/artist\\\/4OR9n4m3UVaP6qgmyUcVKo\"}},{\"type\":\"grid_item\",\"props\":{\"image\":\"wp-content\\\/uploads\\\/2022\\\/05\\\/qobuz.png\",\"image_alt\":\"Qobuz\",\"link\":\"https:\\\/\\\/open.qobuz.com\\\/album\\\/foydxw4cvoc2a\"}},{\"type\":\"grid_item\",\"props\":{\"image\":\"wp-content\\\/uploads\\\/2022\\\/05\\\/apple-music.png\",\"image_alt\":\"Apple Music\",\"link\":\"https:\\\/\\\/music.apple.com\\\/it\\\/album\\\/sensations\\\/1600998806\"}},{\"type\":\"grid_item\",\"props\":{\"image\":\"wp-content\\\/uploads\\\/2022\\\/05\\\/amazon2.png\",\"link\":\"https:\\\/\\\/music.amazon.it\\\/albums\\\/B09NSBGXFG\"}},{\"type\":\"grid_item\",\"props\":{\"image\":\"wp-content\\\/uploads\\\/2022\\\/05\\\/youtubemusic.png\",\"image_alt\":\"Youtube music\",\"link\":\"https:\\\/\\\/www.youtube.com\\\/watch?v=spNf8xogZS0&list=OLAK5uy_n6k1dr1-2MeOEPtffmQKjkLwqkPkezem8\"}}]}]}],\"props\":{\"margin_remove_bottom\":false,\"margin_remove_top\":false}},{\"type\":\"row\",\"props\":{\"margin\":\"large\"},\"children\":[{\"type\":\"column\",\"props\":{\"position_sticky_breakpoint\":\"m\",\"image_position\":\"center-center\",\"media_overlay_gradient\":\"\"},\"children\":[]}]}]},{\"type\":\"section\",\"props\":{\"style\":\"default\",\"width\":\"default\",\"vertical_align\":\"middle\",\"title_position\":\"top-left\",\"title_rotation\":\"left\",\"title_breakpoint\":\"xl\",\"image_position\":\"center-center\",\"class\":\"uk-hidden@m\",\"image\":\"wp-content\\\/uploads\\\/2022\\\/05\\\/bruno-contini-home2.jpg\"},\"children\":[{\"type\":\"row\",\"children\":[{\"type\":\"column\",\"props\":{\"position_sticky_breakpoint\":\"m\",\"image_position\":\"center-center\",\"media_overlay_gradient\":\"\",\"text_color\":\"dark\"},\"children\":[{\"type\":\"quotation\",\"props\":{\"content\":\"\n\n<p><span>Il colore \\u00e8 la tastiera,<br \\\/>gli occhi sono il martelletto, <br \\\/>l\\u2019anima \\u00e8 un pianoforte con molte corde.<\\\/span><\\\/p>\",\"author\":\"Vasilij Vasil'evi\\u010d Kandinskij \"}},{\"type\":\"headline\",\"props\":{\"title_element\":\"h3\",\"content\":\"That's My World\",\"text_align\":\"left\",\"margin_remove_bottom\":true}},{\"type\":\"text\",\"props\":{\"margin\":\"default\",\"column_breakpoint\":\"m\",\"content\":\"\n\n<p>da \\\"Sensations\\\", 2021<\\\/p>\",\"text_align\":\"left\",\"margin_remove_top\":true}},{\"type\":\"video\",\"props\":{\"video_controls\":true,\"margin\":\"default\",\"video\":\"wp-content\\\/uploads\\\/2022\\\/06\\\/11_Thats-my-world_01.mp3\",\"css\":\"video {\\n    height:60px;\\n    width:300px;\\n}\"}}]}]}],\"name\":\"Mobile\"},{\"type\":\"section\",\"props\":{\"style\":\"secondary\",\"width\":\"default\",\"vertical_align\":\"middle\",\"title_position\":\"top-left\",\"title_rotation\":\"left\",\"title_breakpoint\":\"xl\",\"image_position\":\"center-center\",\"padding\":\"large\"},\"children\":[{\"type\":\"row\",\"children\":[{\"type\":\"column\",\"props\":{\"position_sticky_breakpoint\":\"m\",\"image_position\":\"center-center\",\"media_overlay_gradient\":\"\"},\"children\":[]}]},{\"type\":\"row\",\"children\":[{\"type\":\"column\",\"props\":{\"position_sticky_breakpoint\":\"m\",\"image_position\":\"center-center\",\"media_overlay_gradient\":\"\"},\"children\":[{\"type\":\"panel-slider\",\"props\":{\"show_title\":true,\"show_meta\":true,\"show_content\":true,\"show_image\":true,\"show_link\":true,\"slider_width\":\"fixed\",\"slider_width_default\":\"1-1\",\"slider_width_medium\":\"1-3\",\"slider_gap\":\"default\",\"slider_autoplay_pause\":false,\"nav\":\"dotnav\",\"nav_align\":\"center\",\"nav_breakpoint\":\"s\",\"slidenav\":\"outside\",\"slidenav_margin\":\"medium\",\"slidenav_breakpoint\":\"xl\",\"slidenav_outside_breakpoint\":\"xl\",\"panel_card_match\":true,\"title_hover_style\":\"reset\",\"title_element\":\"h3\",\"title_align\":\"top\",\"title_grid_width\":\"1-2\",\"title_grid_breakpoint\":\"m\",\"meta_style\":\"meta\",\"meta_align\":\"below-title\",\"meta_element\":\"div\",\"content_column_breakpoint\":\"m\",\"icon_width\":80,\"image_align\":\"top\",\"image_grid_width\":\"1-2\",\"image_grid_breakpoint\":\"m\",\"image_svg_color\":\"emphasis\",\"link_text\":\"Read more\",\"link_style\":\"default\",\"margin\":\"default\",\"slider_autoplay\":true,\"slider_center\":false,\"slider_sets\":false,\"slider_velocity\":\"2.1\"},\"children\":[{\"type\":\"panel-slider_item\",\"props\":{\"meta\":\"Il Resto del Carlino\",\"title\":\"Bruno Contini Seduce Mosca\",\"content\":\"Il risultato di questa grande produzione \\u00e8 stato premiato con il migliore dei troferi, ovvero gli applausi, le ovazioni e l'entusiasmo degli spettatori e della critica.\"}},{\"type\":\"panel-slider_item\",\"props\":{\"meta\":\"Adnkronos\",\"title\":\"Contini a Mosca per prima mondiale di Anastasia\",\"content\":\"Entusiasmante il corpo di ballo \\\"Russian Season\\\", con impostazione classico-moderna, del coreografo e regista Nicolay Androsov.\"}},{\"type\":\"panel-slider_item\",\"props\":{\"meta\":\"Ansa\",\"title\":\"Prima mondiale a Mosca di Anastasia di Bruno Contini\",\"content\":\"Anastasia \\u00e8 andata in scena con successo al teatro Novaia Opera.\"}},{\"type\":\"panel-slider_item\",\"props\":{\"meta\":\"Cult Agenzia di Stampa\",\"title\":\"Ferrara, sul Castello Estense proiettate immagini ispirate dal Museo Schifanoia\",\"content\":\"Un solfeggio di tecnologia e arte visuale che parla di mitologia astrale, di stelle erranti, di dipinti ispirati agli affreschi del ciclo dei mesi di Palazzo Schifanoia\"}}]}]}]},{\"type\":\"row\",\"children\":[{\"type\":\"column\",\"props\":{\"position_sticky_breakpoint\":\"m\",\"image_position\":\"center-center\",\"media_overlay_gradient\":\"\"},\"children\":[]}]}]},{\"type\":\"section\",\"props\":{\"style\":\"secondary\",\"width\":\"large\",\"vertical_align\":\"middle\",\"title_position\":\"top-left\",\"title_rotation\":\"left\",\"title_breakpoint\":\"xl\",\"image_position\":\"center-center\",\"image\":\"\",\"padding\":\"none\",\"image_size\":\"cover\",\"css\":\".uk-container {\\n    padding-right:0!important;\\n\\tpadding-left:0!important;\\n}\"},\"children\":[{\"type\":\"row\",\"children\":[{\"type\":\"column\",\"props\":{\"position_sticky_breakpoint\":\"m\",\"image_position\":\"center-center\",\"media_overlay_gradient\":\"\"},\"children\":[{\"type\":\"headline\",\"props\":{\"title_element\":\"h3\",\"content\":\"Progetti\",\"text_align\":\"center\"}},{\"type\":\"cf-emotion-accordion\",\"props\":{\"height\":\"\",\"text_align_closed\":\"left\",\"title_element\":\"h4\",\"cf-open-title\":\"auto-right\",\"cf-open-meta\":\"auto-right\",\"breakpoint\":\"xlarge\",\"cf_meta_panel\":\"panel\",\"cf_meta_panel_color\":\"default\",\"default_image\":\"wp-content\\\/uploads\\\/2022\\\/05\\\/contini-pianoforte.jpg\",\"yooessentials_access_conditions\":[],\"yooessentials_access_mode\":\"AND\",\"link_style\":\"text\",\"link_show_closed\":false,\"margin\":\"remove-vertical\",\"animation\":\"fade\",\"parallax_x_end\":\"600\",\"parallax_y_end\":\"-600\",\"link_margin\":\"remove\",\"position\":\"relative\",\"position_top\":\"-\"},\"children\":[{\"type\":\"cf-emotion-accordion_item\",\"props\":{\"link_text\":\"Leggi di pi\\u00f9\",\"title\":\"Saint George\\u2019s Glory\",\"content\":\"\n\n<p><span>Saint George\\u2019s Glory \\u00e8 stata la sua prima opera pubblicata all'inizio degli anni 2000.<\\\/span><\\\/p>\",\"link\":\"index.php?page_id=720\",\"image\":\"wp-content\\\/uploads\\\/2022\\\/05\\\/bruno-128-1.jpg\",\"meta\":\"2000\"}},{\"type\":\"cf-emotion-accordion_item\",\"props\":{\"link_text\":\"Leggi di pi\\u00f9\",\"title\":\"N.Y. Find your peace\",\"content\":\"\n\n<p>N.Y. Find your peace, composto all\\u2019indomani dell\\u2019attacco alle Torri Gemelle, contengono i prodromi del successivo sforzo dell\\u2019Autore e Compositore sfociato nella Opera Lirico-Coreografica\\u00a0<strong>Anastasia<\\\/strong>.<\\\/p>\",\"link\":\"index.php?page_id=722\",\"image\":\"wp-content\\\/uploads\\\/2022\\\/05\\\/contini-piano2.jpg\",\"meta\":\"2002\"}},{\"type\":\"cf-emotion-accordion_item\",\"props\":{\"link_text\":\"Leggi di pi\\u00f9\",\"title\":\"That\\u2019 my world\",\"content\":\"\n\n<p><span>That\\u2019s my world, secondo volume discografico, richiama l\\u2019interesse di uno dei pi\\u00f9 noti coreografi russi, Nicolaj Androsov. Questi, affascinato dalle sonorit\\u00e0 del brano \\u201c<\\\/span><strong>Lelouche<\\\/strong><span>\\u201d, lo sceglie come colonna sonora del balletto presentato dalla Fondazione Sergej Pavlovi\\u010d Djagilev di Mosca, per la partecipazione al 5\\u00b0 Concorso nazionale austriaco di Balletto e Danza del Cid (Consiglio internazionale della danza dell\\u2019Unesco). Musiche e Coreografia si aggiudicano il premio internazionale Osterr.TanzaRa.\\u00a0<\\\/span><\\\/p>\",\"link\":\"index.php?page_id=715\",\"image\":\"wp-content\\\/uploads\\\/2022\\\/06\\\/thatsmyworld.png\",\"meta\":\"2004\",\"image_alt\":\"That's My World\"}},{\"type\":\"cf-emotion-accordion_item\",\"props\":{\"link_text\":\"Leggi di pi\\u00f9\",\"title\":\"Anastasia\",\"image\":\"wp-content\\\/uploads\\\/2022\\\/04\\\/ferrara03.jpg\",\"content\":\"\n\n<p>Se sappiamo ancora guardare e sentire, non possiamo non accorgerci che la forza superiore dell\\u2019Amore \\u00e8 pronta a risollevarci ed a aiutarci anche nelle peggiori situazioni.\\u00a0<\\\/p>\",\"link\":\"index.php?page_id=51\",\"meta\":\"2005\"}},{\"type\":\"cf-emotion-accordion_item\",\"props\":{\"link_text\":\"Leggi di pi\\u00f9\",\"title\":\"L'albero dei pavoni\",\"content\":\"\n\n<p class=\\\"p1\\\">Nel 2015 Contini musica la messa in scena del \\u201cL\\u2019albero dei Pavoni\\u201d di Tonino Guerra. La produzione Italo-Russa dello spettacolo vede riuniti nello stesso Cast l\\u2019eccelsa Carla Fracci, Nicolaj Androsov e i suoi ballerini sotto la Regia di Beppe Menegatti.<\\\/p>\",\"link\":\"index.php?page_id=644\",\"image\":\"wp-content\\\/uploads\\\/2022\\\/05\\\/150316-AlbePavseCS-014-scaled.jpg\",\"meta\":\"2015\"}},{\"type\":\"cf-emotion-accordion_item\",\"props\":{\"link_text\":\"Leggi di pi\\u00f9\",\"title\":\"Sensations\",\"image\":\"wp-content\\\/uploads\\\/2022\\\/05\\\/coverfacebook.jpg\",\"content\":\"\n\n<p>I brani raccolti nell\\u2019album \\u201cSENSATIONS\\u201d<br \\\/>liberano la fantasia in un viaggio irreale, <br \\\/>fantastico, a volte quasi sacrale.<\\\/p>\",\"link\":\"index.php?page_id=468\",\"meta\":\"2021\"}},{\"type\":\"cf-emotion-accordion_item\",\"props\":{\"link_text\":\"Enter Link Text\",\"title\":\"Ex Astris\",\"image\":\"wp-content\\\/uploads\\\/2022\\\/05\\\/ex-astris.jpg\",\"meta\":\"2021\",\"content\":\"\n\n<p>Grazie all'incontro con Andrea Bernabini <em>Sensations<\\\/em> diventa colonna sonora dello spettacolare videomapping sul Castello Estense ispirato agli affreschi del ciclo dei mesi di Schifanoia.<\\\/p>\"}}]}]}]}]}],\"version\":\"2.7.22\",\"yooessentialsVersion\":\"1.6.10\"} --><\/p>\n","protected":false},"excerpt":{"rendered":"<p>Il colore \u00e8 la tastiera,gli occhi sono il martelletto, l\u2019anima \u00e8 un pianoforte con molte corde. Vasilij Vasil&#8217;evi\u010d Kandinskij That&#8217;s My World da &#8220;Sensations&#8221;, 2021 Il colore \u00e8 la tastiera,gli occhi sono il martelletto, l\u2019anima \u00e8 un pianoforte con molte corde. Vasilij Vasil&#8217;evi\u010d Kandinskij That&#8217;s My World da &#8220;Sensations&#8221;, 2021 Bruno Contini Seduce Mosca Il [&hellip;]<\/p>\n","protected":false},"author":1,"featured_media":0,"parent":0,"menu_order":0,"comment_status":"closed","ping_status":"closed","template":"","meta":{"footnotes":""},"class_list":["post-1410","page","type-page","status-publish","hentry"],"yoast_head":"<!-- This site is optimized with the Yoast SEO plugin v27.3 - https:\/\/yoast.com\/product\/yoast-seo-wordpress\/ -->\n<title>Home - Bruno Contini<\/title>\n<meta name=\"robots\" content=\"index, follow, max-snippet:-1, max-image-preview:large, max-video-preview:-1\" \/>\n<link rel=\"canonical\" href=\"https:\/\/brunocontini.com\/en\/\" \/>\n<meta property=\"og:locale\" content=\"en_US\" \/>\n<meta property=\"og:type\" content=\"article\" \/>\n<meta property=\"og:title\" content=\"Home - Bruno Contini\" \/>\n<meta property=\"og:description\" content=\"Il colore \u00e8 la tastiera,gli occhi sono il martelletto, l\u2019anima \u00e8 un pianoforte con molte corde. Vasilij Vasil&#8217;evi\u010d Kandinskij That&#8217;s My World da &#8220;Sensations&#8221;, 2021 Il colore \u00e8 la tastiera,gli occhi sono il martelletto, l\u2019anima \u00e8 un pianoforte con molte corde. Vasilij Vasil&#8217;evi\u010d Kandinskij That&#8217;s My World da &#8220;Sensations&#8221;, 2021 Bruno Contini Seduce Mosca Il [&hellip;]\" \/>\n<meta property=\"og:url\" content=\"https:\/\/brunocontini.com\/en\/\" \/>\n<meta property=\"og:site_name\" content=\"Bruno Contini\" \/>\n<meta property=\"article:modified_time\" content=\"2022-06-08T17:37:38+00:00\" \/>\n<meta name=\"twitter:card\" content=\"summary_large_image\" \/>\n<meta name=\"twitter:label1\" content=\"Est. reading time\" \/>\n\t<meta name=\"twitter:data1\" content=\"1 minute\" \/>\n<script type=\"application\/ld+json\" class=\"yoast-schema-graph\">{\"@context\":\"https:\\\/\\\/schema.org\",\"@graph\":[{\"@type\":\"WebPage\",\"@id\":\"https:\\\/\\\/brunocontini.com\\\/en\\\/\",\"url\":\"https:\\\/\\\/brunocontini.com\\\/en\\\/\",\"name\":\"Home - Bruno Contini\",\"isPartOf\":{\"@id\":\"https:\\\/\\\/brunocontini.com\\\/en\\\/#website\"},\"datePublished\":\"2022-03-21T06:19:15+00:00\",\"dateModified\":\"2022-06-08T17:37:38+00:00\",\"breadcrumb\":{\"@id\":\"https:\\\/\\\/brunocontini.com\\\/en\\\/#breadcrumb\"},\"inLanguage\":\"en-US\",\"potentialAction\":[{\"@type\":\"ReadAction\",\"target\":[\"https:\\\/\\\/brunocontini.com\\\/en\\\/\"]}]},{\"@type\":\"BreadcrumbList\",\"@id\":\"https:\\\/\\\/brunocontini.com\\\/en\\\/#breadcrumb\",\"itemListElement\":[{\"@type\":\"ListItem\",\"position\":1,\"name\":\"Home\",\"item\":\"https:\\\/\\\/brunocontini.com\\\/en\\\/\"},{\"@type\":\"ListItem\",\"position\":2,\"name\":\"Home\"}]},{\"@type\":\"WebSite\",\"@id\":\"https:\\\/\\\/brunocontini.com\\\/en\\\/#website\",\"url\":\"https:\\\/\\\/brunocontini.com\\\/en\\\/\",\"name\":\"Bruno Contini\",\"description\":\"Compositore\",\"potentialAction\":[{\"@type\":\"SearchAction\",\"target\":{\"@type\":\"EntryPoint\",\"urlTemplate\":\"https:\\\/\\\/brunocontini.com\\\/en\\\/?s={search_term_string}\"},\"query-input\":{\"@type\":\"PropertyValueSpecification\",\"valueRequired\":true,\"valueName\":\"search_term_string\"}}],\"inLanguage\":\"en-US\"}]}<\/script>\n<!-- \/ Yoast SEO plugin. -->","yoast_head_json":{"title":"Home - Bruno Contini","robots":{"index":"index","follow":"follow","max-snippet":"max-snippet:-1","max-image-preview":"max-image-preview:large","max-video-preview":"max-video-preview:-1"},"canonical":"https:\/\/brunocontini.com\/en\/","og_locale":"en_US","og_type":"article","og_title":"Home - Bruno Contini","og_description":"Il colore \u00e8 la tastiera,gli occhi sono il martelletto, l\u2019anima \u00e8 un pianoforte con molte corde. Vasilij Vasil&#8217;evi\u010d Kandinskij That&#8217;s My World da &#8220;Sensations&#8221;, 2021 Il colore \u00e8 la tastiera,gli occhi sono il martelletto, l\u2019anima \u00e8 un pianoforte con molte corde. Vasilij Vasil&#8217;evi\u010d Kandinskij That&#8217;s My World da &#8220;Sensations&#8221;, 2021 Bruno Contini Seduce Mosca Il [&hellip;]","og_url":"https:\/\/brunocontini.com\/en\/","og_site_name":"Bruno Contini","article_modified_time":"2022-06-08T17:37:38+00:00","twitter_card":"summary_large_image","twitter_misc":{"Est. reading time":"1 minute"},"schema":{"@context":"https:\/\/schema.org","@graph":[{"@type":"WebPage","@id":"https:\/\/brunocontini.com\/en\/","url":"https:\/\/brunocontini.com\/en\/","name":"Home - Bruno Contini","isPartOf":{"@id":"https:\/\/brunocontini.com\/en\/#website"},"datePublished":"2022-03-21T06:19:15+00:00","dateModified":"2022-06-08T17:37:38+00:00","breadcrumb":{"@id":"https:\/\/brunocontini.com\/en\/#breadcrumb"},"inLanguage":"en-US","potentialAction":[{"@type":"ReadAction","target":["https:\/\/brunocontini.com\/en\/"]}]},{"@type":"BreadcrumbList","@id":"https:\/\/brunocontini.com\/en\/#breadcrumb","itemListElement":[{"@type":"ListItem","position":1,"name":"Home","item":"https:\/\/brunocontini.com\/en\/"},{"@type":"ListItem","position":2,"name":"Home"}]},{"@type":"WebSite","@id":"https:\/\/brunocontini.com\/en\/#website","url":"https:\/\/brunocontini.com\/en\/","name":"Bruno Contini","description":"Compositore","potentialAction":[{"@type":"SearchAction","target":{"@type":"EntryPoint","urlTemplate":"https:\/\/brunocontini.com\/en\/?s={search_term_string}"},"query-input":{"@type":"PropertyValueSpecification","valueRequired":true,"valueName":"search_term_string"}}],"inLanguage":"en-US"}]}},"_links":{"self":[{"href":"https:\/\/brunocontini.com\/en\/wp-json\/wp\/v2\/pages\/1410","targetHints":{"allow":["GET"]}}],"collection":[{"href":"https:\/\/brunocontini.com\/en\/wp-json\/wp\/v2\/pages"}],"about":[{"href":"https:\/\/brunocontini.com\/en\/wp-json\/wp\/v2\/types\/page"}],"author":[{"embeddable":true,"href":"https:\/\/brunocontini.com\/en\/wp-json\/wp\/v2\/users\/1"}],"replies":[{"embeddable":true,"href":"https:\/\/brunocontini.com\/en\/wp-json\/wp\/v2\/comments?post=1410"}],"version-history":[{"count":9,"href":"https:\/\/brunocontini.com\/en\/wp-json\/wp\/v2\/pages\/1410\/revisions"}],"predecessor-version":[{"id":1647,"href":"https:\/\/brunocontini.com\/en\/wp-json\/wp\/v2\/pages\/1410\/revisions\/1647"}],"wp:attachment":[{"href":"https:\/\/brunocontini.com\/en\/wp-json\/wp\/v2\/media?parent=1410"}],"curies":[{"name":"wp","href":"https:\/\/api.w.org\/{rel}","templated":true}]}}