{"id":1429,"date":"2022-05-19T10:30:48","date_gmt":"2022-05-19T08:30:48","guid":{"rendered":"https:\/\/brunocontini.com\/?page_id=1429"},"modified":"2022-06-05T17:05:40","modified_gmt":"2022-06-05T15:05:40","slug":"thats-my-world","status":"publish","type":"page","link":"https:\/\/brunocontini.com\/en\/thats-my-world\/","title":{"rendered":"That&#8217;s My World"},"content":{"rendered":"<h1>That&#8217; my world<\/h1>\n<hr>\n<p><img decoding=\"async\" src=\"\/wp-content\/uploads\/2022\/06\/thatsmyworld.png\" alt=\"That's My World\"><\/p>\n<hr>\n<div>\n<p style=\"text-align: left;\">That&#8217;s my world \u00e8 il secondo volume discografico di Bruno Contini, che esce nel 2004. Questo volume richiama l\u2019interesse di uno dei pi\u00f9 noti Coreografi russi, Nicolaj Androsov. Questi, affascinato dalle sonorit\u00e0 del brano \u201c<strong>Lelouche<\/strong>\u201d (track di \u201cThat\u2019s my world\u201d), lo elegge a colonna sonora del balletto presentato dalla Fondazione Sergej Pavlovi\u010d Djagilev di Mosca, per la partecipazione al 5\u00b0 Concorso nazionale austriaco di Balletto e Danza del Cid (il Consiglio internazionale della danza dell\u2019Unesco). In questa manifestazione Musiche e Coreografia si aggiudicano il premio internazionale Osterr.TanzaRa. L\u2019Album \u201cThat\u2019s my world\u201d \u00e8 destinato a diventare la struttura di base dei successivi impegni artistici del Compositore.<\/p>\n<\/div>\n<hr>\n<div>\n<p>Chi conosce Bruno Contini ritrova in \u201cThat\u2019s my world\u201d il mondo interiore dell\u2019autore o, meglio, il suo modo di sentire le \u201ccose\u201d che accadono, siano esse vicine e personali oppure distanti e \u201cpubbliche\u201d.<\/p>\n<p>Non c\u2019\u00e8 infatti brano in questa pregevole raccolta che non racconti \u201cdall\u2019interno\u201d storie, accadimenti o situazioni che hanno lasciato traccia in Bruno.<\/p>\n<p>New York find your peace, ad esempio, \u00e8 stata scritta sull\u2019onda emozionale della tragedia dell\u201911 settembre, Francesco su quella per la nascita del secondogenito mentre mistery of the east\u00a0 \u00e8 stata suggerita dalle sensazioni derivanti dalla \u201cscoperta\u201d dei paesi dell\u2019est europeo.<\/p>\n<p>L\u2019incedere musicale di questo cd racconta di queste emozioni, sempre sincere ed immediate, anche se la struttura di ogni singola composizione, vuoi per la sua ricchezza musicale, vuoi per i repentini cambi d\u2019umore, sembra rivolta ad un ascolto riflessivo .<\/p>\n<p>Ma non \u00e8 vero, ed in ci\u00f2 sta la bellezza delle musiche del Compositore le quali, con la loro indubbia personalit\u00e0, riescono ad incidere sugli stati d\u2019animo di chi li ascolta, o addirittura a sovrapporsi ad essi, quasi momentaneamente condizionandoli, o all&#8217;opposto diventano loro sottolineatura.<\/p>\n<\/p>\n<p>Musica in chiaroscuro.<\/p>\n<p>Il pianoforte raccoglie le prime vibrazioni e lentamente o improvvisamente le trasmette a tutta l\u2019orchestra che le trasforma fino a perdere la traccia originale che, d\u2019improvviso, per\u00f2, riappare anche incessante.<\/p>\n<p>Tutto appare molto naturale ed \u00e8 cos\u00ec, perch\u00e8 cos\u00ec \u00e8 l\u2019Autore.<\/p>\n<\/div>\n<hr>\n<p><!--more--><br \/>\n<!-- {\"type\":\"layout\",\"children\":[{\"type\":\"section\",\"props\":{\"style\":\"default\",\"width\":\"default\",\"vertical_align\":\"middle\",\"title_position\":\"top-left\",\"title_rotation\":\"left\",\"title_breakpoint\":\"xl\",\"image_position\":\"center-center\"},\"children\":[{\"type\":\"row\",\"children\":[{\"type\":\"column\",\"props\":{\"position_sticky_breakpoint\":\"m\",\"image_position\":\"center-center\",\"media_overlay_gradient\":\"\"},\"children\":[{\"type\":\"headline\",\"props\":{\"title_element\":\"h1\",\"content\":\"That' my world\",\"text_align\":\"center\"}},{\"type\":\"divider\",\"props\":{\"divider_element\":\"hr\"}}]}]},{\"type\":\"row\",\"props\":{\"layout\":\"1-2,1-2\"},\"children\":[{\"type\":\"column\",\"props\":{\"position_sticky_breakpoint\":\"m\",\"image_position\":\"center-center\",\"media_overlay_gradient\":\"\",\"width_medium\":\"1-2\"},\"children\":[{\"type\":\"image\",\"props\":{\"margin\":\"default\",\"image_svg_color\":\"emphasis\",\"image\":\"wp-content\\\/uploads\\\/2022\\\/06\\\/thatsmyworld.png\",\"image_alt\":\"That's My World\"}}]},{\"type\":\"column\",\"props\":{\"position_sticky_breakpoint\":\"m\",\"image_position\":\"center-center\",\"media_overlay_gradient\":\"\",\"width_medium\":\"1-2\"},\"children\":[{\"type\":\"divider\",\"props\":{\"divider_element\":\"hr\"}},{\"type\":\"text\",\"props\":{\"margin\":\"default\",\"column_breakpoint\":\"m\",\"content\":\"\n\n<p style=\\\"text-align: left;\\\">That's my world \\u00e8 il secondo volume discografico di Bruno Contini, che esce nel 2004. Questo volume richiama l\\u2019interesse di uno dei pi\\u00f9 noti Coreografi russi, Nicolaj Androsov. Questi, affascinato dalle sonorit\\u00e0 del brano \\u201c<strong>Lelouche<\\\/strong>\\u201d (track di \\u201cThat\\u2019s my world\\u201d), lo elegge a colonna sonora del balletto presentato dalla Fondazione Sergej Pavlovi\\u010d Djagilev di Mosca, per la partecipazione al 5\\u00b0 Concorso nazionale austriaco di Balletto e Danza del Cid (il Consiglio internazionale della danza dell\\u2019Unesco). In questa manifestazione Musiche e Coreografia si aggiudicano il premio internazionale Osterr.TanzaRa. L\\u2019Album \\u201cThat\\u2019s my world\\u201d \\u00e8 destinato a diventare la struttura di base dei successivi impegni artistici del Compositore.<\\\/p>\"}},{\"type\":\"divider\",\"props\":{\"divider_element\":\"hr\"}},{\"type\":\"text\",\"props\":{\"margin\":\"default\",\"column_breakpoint\":\"m\",\"content\":\"\n\n<p>Chi conosce Bruno Contini ritrova in \\u201cThat\\u2019s my world\\u201d il mondo interiore dell\\u2019autore o, meglio, il suo modo di sentire le \\u201ccose\\u201d che accadono, siano esse vicine e personali oppure distanti e \\u201cpubbliche\\u201d.<\\\/p>\\n\n\n<p>Non c\\u2019\\u00e8 infatti brano in questa pregevole raccolta che non racconti \\u201cdall\\u2019interno\\u201d storie, accadimenti o situazioni che hanno lasciato traccia in Bruno.<\\\/p>\\n\n\n<p>New York find your peace, ad esempio, \\u00e8 stata scritta sull\\u2019onda emozionale della tragedia dell\\u201911 settembre, Francesco su quella per la nascita del secondogenito mentre mistery of the east\\u00a0 \\u00e8 stata suggerita dalle sensazioni derivanti dalla \\u201cscoperta\\u201d dei paesi dell\\u2019est europeo.<\\\/p>\\n\n\n<p>L\\u2019incedere musicale di questo cd racconta di queste emozioni, sempre sincere ed immediate, anche se la struttura di ogni singola composizione, vuoi per la sua ricchezza musicale, vuoi per i repentini cambi d\\u2019umore, sembra rivolta ad un ascolto riflessivo .<\\\/p>\\n\n\n<p>Ma non \\u00e8 vero, ed in ci\\u00f2 sta la bellezza delle musiche del Compositore le quali, con la loro indubbia personalit\\u00e0, riescono ad incidere sugli stati d\\u2019animo di chi li ascolta, o addirittura a sovrapporsi ad essi, quasi momentaneamente condizionandoli, o all'opposto diventano loro sottolineatura.<\\\/p>\\n\n\n<p><\\\/p>\\n\n\n<p>Musica in chiaroscuro.<\\\/p>\\n\n\n<p>Il pianoforte raccoglie le prime vibrazioni e lentamente o improvvisamente le trasmette a tutta l\\u2019orchestra che le trasforma fino a perdere la traccia originale che, d\\u2019improvviso, per\\u00f2, riappare anche incessante.<\\\/p>\\n\n\n<p>Tutto appare molto naturale ed \\u00e8 cos\\u00ec, perch\\u00e8 cos\\u00ec \\u00e8 l\\u2019Autore.<\\\/p>\"}}]}]},{\"type\":\"row\",\"children\":[{\"type\":\"column\",\"props\":{\"position_sticky_breakpoint\":\"m\",\"image_position\":\"center-center\",\"media_overlay_gradient\":\"\"},\"children\":[{\"type\":\"divider\",\"props\":{\"divider_element\":\"hr\"}}]}]}]}],\"version\":\"2.7.22\",\"yooessentialsVersion\":\"1.6.10\"} --><\/p>\n","protected":false},"excerpt":{"rendered":"<p>That&#8217; my world That&#8217;s my world \u00e8 il secondo volume discografico di Bruno Contini, che esce nel 2004. Questo volume richiama l\u2019interesse di uno dei pi\u00f9 noti Coreografi russi, Nicolaj Androsov. Questi, affascinato dalle sonorit\u00e0 del brano \u201cLelouche\u201d (track di \u201cThat\u2019s my world\u201d), lo elegge a colonna sonora del balletto presentato dalla Fondazione Sergej Pavlovi\u010d [&hellip;]<\/p>\n","protected":false},"author":3,"featured_media":0,"parent":0,"menu_order":0,"comment_status":"closed","ping_status":"closed","template":"","meta":{"footnotes":""},"class_list":["post-1429","page","type-page","status-publish","hentry"],"yoast_head":"<!-- This site is optimized with the Yoast SEO plugin v27.3 - https:\/\/yoast.com\/product\/yoast-seo-wordpress\/ -->\n<title>That&#039;s My World - Bruno Contini<\/title>\n<meta name=\"robots\" content=\"index, follow, max-snippet:-1, max-image-preview:large, max-video-preview:-1\" \/>\n<link rel=\"canonical\" href=\"https:\/\/brunocontini.com\/en\/thats-my-world\/\" \/>\n<meta property=\"og:locale\" content=\"en_US\" \/>\n<meta property=\"og:type\" content=\"article\" \/>\n<meta property=\"og:title\" content=\"That&#039;s My World - Bruno Contini\" \/>\n<meta property=\"og:description\" content=\"That&#8217; my world That&#8217;s my world \u00e8 il secondo volume discografico di Bruno Contini, che esce nel 2004. Questo volume richiama l\u2019interesse di uno dei pi\u00f9 noti Coreografi russi, Nicolaj Androsov. Questi, affascinato dalle sonorit\u00e0 del brano \u201cLelouche\u201d (track di \u201cThat\u2019s my world\u201d), lo elegge a colonna sonora del balletto presentato dalla Fondazione Sergej Pavlovi\u010d [&hellip;]\" \/>\n<meta property=\"og:url\" content=\"https:\/\/brunocontini.com\/en\/thats-my-world\/\" \/>\n<meta property=\"og:site_name\" content=\"Bruno Contini\" \/>\n<meta property=\"article:modified_time\" content=\"2022-06-05T15:05:40+00:00\" \/>\n<meta name=\"twitter:card\" content=\"summary_large_image\" \/>\n<meta name=\"twitter:label1\" content=\"Est. reading time\" \/>\n\t<meta name=\"twitter:data1\" content=\"2 minutes\" \/>\n<script type=\"application\/ld+json\" class=\"yoast-schema-graph\">{\"@context\":\"https:\\\/\\\/schema.org\",\"@graph\":[{\"@type\":\"WebPage\",\"@id\":\"https:\\\/\\\/brunocontini.com\\\/en\\\/thats-my-world\\\/\",\"url\":\"https:\\\/\\\/brunocontini.com\\\/en\\\/thats-my-world\\\/\",\"name\":\"That's My World - Bruno Contini\",\"isPartOf\":{\"@id\":\"https:\\\/\\\/brunocontini.com\\\/en\\\/#website\"},\"datePublished\":\"2022-05-19T08:30:48+00:00\",\"dateModified\":\"2022-06-05T15:05:40+00:00\",\"breadcrumb\":{\"@id\":\"https:\\\/\\\/brunocontini.com\\\/en\\\/thats-my-world\\\/#breadcrumb\"},\"inLanguage\":\"en-US\",\"potentialAction\":[{\"@type\":\"ReadAction\",\"target\":[\"https:\\\/\\\/brunocontini.com\\\/en\\\/thats-my-world\\\/\"]}]},{\"@type\":\"BreadcrumbList\",\"@id\":\"https:\\\/\\\/brunocontini.com\\\/en\\\/thats-my-world\\\/#breadcrumb\",\"itemListElement\":[{\"@type\":\"ListItem\",\"position\":1,\"name\":\"Home\",\"item\":\"https:\\\/\\\/brunocontini.com\\\/en\\\/\"},{\"@type\":\"ListItem\",\"position\":2,\"name\":\"That&#8217;s My World\"}]},{\"@type\":\"WebSite\",\"@id\":\"https:\\\/\\\/brunocontini.com\\\/en\\\/#website\",\"url\":\"https:\\\/\\\/brunocontini.com\\\/en\\\/\",\"name\":\"Bruno Contini\",\"description\":\"Compositore\",\"potentialAction\":[{\"@type\":\"SearchAction\",\"target\":{\"@type\":\"EntryPoint\",\"urlTemplate\":\"https:\\\/\\\/brunocontini.com\\\/en\\\/?s={search_term_string}\"},\"query-input\":{\"@type\":\"PropertyValueSpecification\",\"valueRequired\":true,\"valueName\":\"search_term_string\"}}],\"inLanguage\":\"en-US\"}]}<\/script>\n<!-- \/ Yoast SEO plugin. -->","yoast_head_json":{"title":"That's My World - Bruno Contini","robots":{"index":"index","follow":"follow","max-snippet":"max-snippet:-1","max-image-preview":"max-image-preview:large","max-video-preview":"max-video-preview:-1"},"canonical":"https:\/\/brunocontini.com\/en\/thats-my-world\/","og_locale":"en_US","og_type":"article","og_title":"That's My World - Bruno Contini","og_description":"That&#8217; my world That&#8217;s my world \u00e8 il secondo volume discografico di Bruno Contini, che esce nel 2004. Questo volume richiama l\u2019interesse di uno dei pi\u00f9 noti Coreografi russi, Nicolaj Androsov. Questi, affascinato dalle sonorit\u00e0 del brano \u201cLelouche\u201d (track di \u201cThat\u2019s my world\u201d), lo elegge a colonna sonora del balletto presentato dalla Fondazione Sergej Pavlovi\u010d [&hellip;]","og_url":"https:\/\/brunocontini.com\/en\/thats-my-world\/","og_site_name":"Bruno Contini","article_modified_time":"2022-06-05T15:05:40+00:00","twitter_card":"summary_large_image","twitter_misc":{"Est. reading time":"2 minutes"},"schema":{"@context":"https:\/\/schema.org","@graph":[{"@type":"WebPage","@id":"https:\/\/brunocontini.com\/en\/thats-my-world\/","url":"https:\/\/brunocontini.com\/en\/thats-my-world\/","name":"That's My World - Bruno Contini","isPartOf":{"@id":"https:\/\/brunocontini.com\/en\/#website"},"datePublished":"2022-05-19T08:30:48+00:00","dateModified":"2022-06-05T15:05:40+00:00","breadcrumb":{"@id":"https:\/\/brunocontini.com\/en\/thats-my-world\/#breadcrumb"},"inLanguage":"en-US","potentialAction":[{"@type":"ReadAction","target":["https:\/\/brunocontini.com\/en\/thats-my-world\/"]}]},{"@type":"BreadcrumbList","@id":"https:\/\/brunocontini.com\/en\/thats-my-world\/#breadcrumb","itemListElement":[{"@type":"ListItem","position":1,"name":"Home","item":"https:\/\/brunocontini.com\/en\/"},{"@type":"ListItem","position":2,"name":"That&#8217;s My World"}]},{"@type":"WebSite","@id":"https:\/\/brunocontini.com\/en\/#website","url":"https:\/\/brunocontini.com\/en\/","name":"Bruno Contini","description":"Compositore","potentialAction":[{"@type":"SearchAction","target":{"@type":"EntryPoint","urlTemplate":"https:\/\/brunocontini.com\/en\/?s={search_term_string}"},"query-input":{"@type":"PropertyValueSpecification","valueRequired":true,"valueName":"search_term_string"}}],"inLanguage":"en-US"}]}},"_links":{"self":[{"href":"https:\/\/brunocontini.com\/en\/wp-json\/wp\/v2\/pages\/1429","targetHints":{"allow":["GET"]}}],"collection":[{"href":"https:\/\/brunocontini.com\/en\/wp-json\/wp\/v2\/pages"}],"about":[{"href":"https:\/\/brunocontini.com\/en\/wp-json\/wp\/v2\/types\/page"}],"author":[{"embeddable":true,"href":"https:\/\/brunocontini.com\/en\/wp-json\/wp\/v2\/users\/3"}],"replies":[{"embeddable":true,"href":"https:\/\/brunocontini.com\/en\/wp-json\/wp\/v2\/comments?post=1429"}],"version-history":[{"count":5,"href":"https:\/\/brunocontini.com\/en\/wp-json\/wp\/v2\/pages\/1429\/revisions"}],"predecessor-version":[{"id":1486,"href":"https:\/\/brunocontini.com\/en\/wp-json\/wp\/v2\/pages\/1429\/revisions\/1486"}],"wp:attachment":[{"href":"https:\/\/brunocontini.com\/en\/wp-json\/wp\/v2\/media?parent=1429"}],"curies":[{"name":"wp","href":"https:\/\/api.w.org\/{rel}","templated":true}]}}